{"id":47,"date":"2022-07-02T01:44:31","date_gmt":"2022-07-02T01:44:31","guid":{"rendered":"http:\/\/insurdemo.local\/?page_id=47"},"modified":"2025-12-21T11:17:11","modified_gmt":"2025-12-21T11:17:11","slug":"contact","status":"publish","type":"page","link":"https:\/\/helyasolutions.com\/index.php\/contact\/","title":{"rendered":"Contact"},"content":{"rendered":"\t\t<div data-elementor-type=\"wp-page\" data-elementor-id=\"47\" class=\"elementor elementor-47\">\n\t\t\t\t\t\t<section class=\"elementor-section elementor-top-section elementor-element elementor-element-4a6c8ee1 elementor-section-full_width elementor-section-height-default elementor-section-height-default\" data-id=\"4a6c8ee1\" data-element_type=\"section\">\n\t\t\t\t\t\t<div class=\"elementor-container elementor-column-gap-no\">\n\t\t\t\t\t<div class=\"elementor-column elementor-col-100 elementor-top-column elementor-element elementor-element-61cfa73a\" data-id=\"61cfa73a\" data-element_type=\"column\">\n\t\t\t<div class=\"elementor-widget-wrap elementor-element-populated\">\n\t\t\t\t\t\t<div class=\"elementor-element elementor-element-4fbc278f elementor-widget elementor-widget-insur-contact-form\" data-id=\"4fbc278f\" data-element_type=\"widget\" data-widget_type=\"insur-contact-form.default\">\n\t\t\t\t<div class=\"elementor-widget-container\">\n\t\t\t\t\t    <!--Contact Page Start-->\r\n    <section class=\"contact-page\">\r\n        <div class=\"container\">\r\n            <div class=\"row\">\r\n                <div class=\"col-xl-4 col-lg-5\">\r\n                    <div class=\"contact-page__left\">\r\n                                                    <div class=\"section-title text-left\">\r\n                                                                    <div class=\"section-sub-title-box\">\r\n\r\n                                        <p class=\"section-sub-title\">CONTACTEZ NOUS<\/p>\r\n                                                                                    <div class=\"section-title-shape-1\">\r\n                                                <img decoding=\"async\" src=\"https:\/\/bracketweb.com\/insurwp\/wp-content\/uploads\/2022\/07\/section-title-shape-1.png\" alt=\"55\">\r\n                                            <\/div>\r\n                                                                                                                            <div class=\"section-title-shape-2\">\r\n                                                <img decoding=\"async\" src=\"https:\/\/bracketweb.com\/insurwp\/wp-content\/uploads\/2022\/07\/section-title-shape-2.png\" alt=\"56\">\r\n                                            <\/div>\r\n                                                                            <\/div>\r\n                                                                                                    <h2 class=\"section-title__title\">N'h\u00e9sitez pas \u00e0 contacter nos experts<\/h2>\r\n                                                            <\/div>\r\n                                                <div class=\"contact-page__call-email\">\r\n                            <div class=\"contact-page__call-icon insur-icon-svg\">\r\n                                <i aria-hidden=\"true\" class=\"fas fa-phone\"><\/i>                            <\/div>\r\n                            <div class=\"contact-page__call-email-content\">\r\n                                <h4>\r\n                                    <a href=\"tel:0189708223\" class=\"contact-page__call-number\">0189708223<\/a>\r\n                                    <a href=\"mailto:co*****@************ns.com\" data-original-string=\"0F5gqoACVL0cXmGiEeb6xA==154hoKxbnAw8yGZom7FgOW7YlYOyOVBr+2oM5E4QXzrKmw=\" title=\"This contact has been encoded by Anti-Spam by CleanTalk. Click to decode. To finish the decoding make sure that JavaScript is enabled in your browser.\" class=\"contact-page__email\"><span \n                data-original-string='4j\/s+eJ9pz7V3pCV0MhCmQ==154eDBhtsDPLAJEteLYCzytwwnumIecvoiCB\/vt1ZYpHio='\n                class='apbct-email-encoder'\n                title='This contact has been encoded by Anti-Spam by CleanTalk. Click to decode. To finish the decoding make sure that JavaScript is enabled in your browser.'>co<span class=\"apbct-blur\">*****<\/span>@<span class=\"apbct-blur\">************<\/span>ns.com<\/span><\/a>\r\n                                <\/h4>\r\n                            <\/div>\r\n                        <\/div>\r\n                                                    <p class=\"contact-page__location-text\">Notre \u00e9quipe est \u00e0 votre \u00e9coute !<\/p>\r\n                                            <\/div>\r\n                <\/div>\r\n                <div class=\"col-xl-8 col-lg-7\">\r\n                    <div class=\"contact-page__right\">\r\n                        <div class=\"contact-page__form\">\r\n                                                            <div class=\"wpcf7 no-js\" id=\"wpcf7-f453-o1\" lang=\"en-US\" dir=\"ltr\" data-wpcf7-id=\"453\">\n<div class=\"screen-reader-response\">\n<p role=\"status\" aria-live=\"polite\" aria-atomic=\"true\">\n<ul><\/ul>\n<\/div>\n<form action=\"\/index.php\/wp-json\/wp\/v2\/pages\/47#wpcf7-f453-o1\" method=\"post\" class=\"wpcf7-form init\" aria-label=\"Contact form\" novalidate=\"novalidate\" data-status=\"init\">\n<fieldset class=\"hidden-fields-container\"><input type=\"hidden\" name=\"_wpcf7\" value=\"453\" \/><input type=\"hidden\" name=\"_wpcf7_version\" value=\"6.1.4\" \/><input type=\"hidden\" name=\"_wpcf7_locale\" value=\"en_US\" \/><input type=\"hidden\" name=\"_wpcf7_unit_tag\" value=\"wpcf7-f453-o1\" \/><input type=\"hidden\" name=\"_wpcf7_container_post\" value=\"0\" \/><input type=\"hidden\" name=\"_wpcf7_posted_data_hash\" value=\"\" \/>\n<\/fieldset>\n<div  class=\"comment-one__form contact-form-validated\">\n<div class=\"row\">\n<div class=\"col-xl-6\">\n<div class=\"comment-form__input-box\">\n                    <span class=\"wpcf7-form-control-wrap\" data-name=\"text-927\"><input size=\"40\" maxlength=\"400\" class=\"wpcf7-form-control wpcf7-text wpcf7-validates-as-required\" aria-required=\"true\" aria-invalid=\"false\" placeholder=\"Nom\" value=\"\" type=\"text\" name=\"text-927\" \/><\/span>\n                <\/div>\n<\/p><\/div>\n<div class=\"col-xl-6\">\n<div class=\"comment-form__input-box\">\n                     <span class=\"wpcf7-form-control-wrap\" data-name=\"text-9274\"><input size=\"40\" maxlength=\"400\" class=\"wpcf7-form-control wpcf7-text wpcf7-validates-as-required\" aria-required=\"true\" aria-invalid=\"false\" placeholder=\"Pr\u00e9nom\" value=\"\" type=\"text\" name=\"text-9274\" \/><\/span>\n                <\/div>\n<\/p><\/div>\n<div class=\"col-xl-6\">\n<div class=\"comment-form__input-box\">\n                    <span class=\"wpcf7-form-control-wrap\" data-name=\"email-322\"><input size=\"40\" maxlength=\"400\" class=\"wpcf7-form-control wpcf7-email wpcf7-validates-as-required wpcf7-text wpcf7-validates-as-email\" aria-required=\"true\" aria-invalid=\"false\" placeholder=\"Email\" value=\"\" type=\"email\" name=\"email-322\" \/><\/span>\n                <\/div>\n<\/p><\/div>\n<div class=\"col-xl-6\">\n<div class=\"comment-form__input-box\">\n                    <span class=\"wpcf7-form-control-wrap\" data-name=\"text-927\"><input size=\"40\" maxlength=\"400\" class=\"wpcf7-form-control wpcf7-text wpcf7-validates-as-required\" aria-required=\"true\" aria-invalid=\"false\" placeholder=\"Num\u00e9ro de t\u00e9l\u00e9phone\" value=\"\" type=\"text\" name=\"text-927\" \/><\/span>\n                <\/div>\n<\/p><\/div>\n<\/p><\/div>\n<div class=\"row\">\n<div class=\"col-xl-12\">\n<div class=\"comment-form__input-box text-message-box\">\n                    <span class=\"wpcf7-form-control-wrap\" data-name=\"textarea-512\"><textarea cols=\"40\" rows=\"10\" maxlength=\"2000\" class=\"wpcf7-form-control wpcf7-textarea wpcf7-validates-as-required\" aria-required=\"true\" aria-invalid=\"false\" placeholder=\"Message\" name=\"textarea-512\"><\/textarea><\/span>\n                <\/div>\n<div class=\"comment-form__btn-box\">\n                    <button type=\"submit\" class=\"thm-btn comment-form__btn\">Envoyer<\/button>\n                <\/div>\n<\/p><\/div>\n<\/p><\/div>\n<\/p><\/div>\n<p><input type=\"hidden\" id=\"ct_checkjs_cf7_c4015b7f368e6b4871809f49debe0579\" name=\"ct_checkjs_cf7\" value=\"0\" \/><script >setTimeout(function(){var ct_input_name = \"ct_checkjs_cf7_c4015b7f368e6b4871809f49debe0579\";if (document.getElementById(ct_input_name) !== null) {var ct_input_value = document.getElementById(ct_input_name).value;document.getElementById(ct_input_name).value = document.getElementById(ct_input_name).value.replace(ct_input_value, '493844774');}}, 1000);<\/script><input\n                    class=\"apbct_special_field apbct_email_id__wp_contact_form_7\"\n                    name=\"apbct__email_id__wp_contact_form_7\"\n                    aria-label=\"Contact form\"\n                    type=\"text\" size=\"30\" maxlength=\"200\" autocomplete=\"off\"\n                    value=\"\"\n                \/><\/p>\n<div class=\"wpcf7-response-output\" aria-hidden=\"true\"><\/div>\n<input\n                    class=\"apbct_special_field apbct_email_id__elementor_form\"\n                    name=\"apbct__email_id__elementor_form\"\n                    aria-label=\"Contact form\"\n                    type=\"text\" size=\"30\" maxlength=\"200\" autocomplete=\"off\"\n                    value=\"\"\n                \/><\/form>\n<\/div>\n                                                    <\/div>\r\n                    <\/div>\r\n                <\/div>\r\n            <\/div>\r\n        <\/div>\r\n    <\/section>\r\n    <!--Contact Page End-->\r\n\t\t\t\t<\/div>\n\t\t\t\t<\/div>\n\t\t\t\t\t<\/div>\n\t\t<\/div>\n\t\t\t\t\t<\/div>\n\t\t<\/section>\n\t\t\t\t<section class=\"elementor-section elementor-top-section elementor-element elementor-element-1805aab elementor-section-full_width elementor-section-height-default elementor-section-height-default\" data-id=\"1805aab\" data-element_type=\"section\">\n\t\t\t\t\t\t<div class=\"elementor-container elementor-column-gap-no\">\n\t\t\t\t\t<div class=\"elementor-column elementor-col-100 elementor-top-column elementor-element elementor-element-537d971\" data-id=\"537d971\" data-element_type=\"column\">\n\t\t\t<div class=\"elementor-widget-wrap elementor-element-populated\">\n\t\t\t\t\t\t<div class=\"elementor-element elementor-element-a91fc9c elementor-widget elementor-widget-insur-call-to-action\" data-id=\"a91fc9c\" data-element_type=\"widget\" data-widget_type=\"insur-call-to-action.default\">\n\t\t\t\t<div class=\"elementor-widget-container\">\n\t\t\t\t\t    <!--CTA One Start-->\r\n    <section class=\"cta-one cta-two\">\r\n        <div class=\"container\">\r\n            <div class=\"cta-one__content\">\r\n                <div class=\"cta-one__inner\">\r\n                                            <div class=\"cta-one__left\">\r\n                            <h3 class=\"cta-one__title\">Trouver un agent d'assurance<\/h3>\r\n                        <\/div>\r\n                                        <div class=\"cta-one__right\">\r\n                                                    <div class=\"cta-one__call\">\r\n                                <div class=\"cta-one__call-icon insur-icon-svg\">\r\n                                    <i aria-hidden=\"true\" class=\"fas fa-phone\"><\/i>                                <\/div>\r\n                                <div class=\"cta-one__call-number\">\r\n                                    <a href=\"tel:3300368090\">+33 (003) 68090<\/a>\r\n                                    <p>Appelez nos experts<\/p>\r\n                                <\/div>\r\n                            <\/div>\r\n                                                                            <div class=\"cta-one__btn-box\">\r\n                                <a   href=\"#\" class=\"thm-btn cta-one__btn\">Obtenir un devis<\/a>\r\n                            <\/div>\r\n                                            <\/div>\r\n                                            <div class=\"cta-one__img\">\r\n                            <img decoding=\"async\" src=\"https:\/\/bracketweb.com\/insurwp\/wp-content\/uploads\/2022\/07\/cta-one-img.png\" alt=\"alt\">\r\n                        <\/div>\r\n                                    <\/div>\r\n            <\/div>\r\n        <\/div>\r\n    <\/section>\r\n    <!--CTA One End-->\r\n\t\t\t\t<\/div>\n\t\t\t\t<\/div>\n\t\t\t\t<div class=\"elementor-element elementor-element-700e764 elementor-widget elementor-widget-insur-google-maps\" data-id=\"700e764\" data-element_type=\"widget\" data-widget_type=\"insur-google-maps.default\">\n\t\t\t\t<div class=\"elementor-widget-container\">\n\t\t\t\t\t<div class=\"elementor-custom-embed\">\r\n\t<iframe src=\"https:\/\/maps.google.com\/maps?q=1%20rue%20de%20la%20grou%C3%A9e%2028700%20Umpeau&#038;t=m&#038;z=10&#038;output=embed&#038;iwloc=near\" title=\"1 rue de la grou\u00e9e 28700 Umpeau\" aria-label=\"Contact form\"><\/iframe>\r\n<\/div>\t\t\t\t<\/div>\n\t\t\t\t<\/div>\n\t\t\t\t\t<\/div>\n\t\t<\/div>\n\t\t\t\t\t<\/div>\n\t\t<\/section>\n\t\t\t\t<\/div>\n\t\t","protected":false},"excerpt":{"rendered":"<p>CONTACTEZ NOUS N&rsquo;h\u00e9sitez pas \u00e0 contacter nos experts 0189708223 co*****@************ns.com Notre \u00e9quipe est \u00e0 votre \u00e9coute ! Envoyer Trouver un agent d&rsquo;assurance +33 (003) 68090 Appelez nos experts Obtenir un devis<\/p>\n","protected":false},"author":1,"featured_media":0,"parent":0,"menu_order":0,"comment_status":"closed","ping_status":"closed","template":"elementor_header_footer","meta":{"footnotes":""},"class_list":["post-47","page","type-page","status-publish","hentry"],"yoast_head":"<!-- This site is optimized with the Yoast SEO plugin v26.6 - https:\/\/yoast.com\/wordpress\/plugins\/seo\/ -->\n<title>Contact Assurance \u2013 Devis &amp; Informations | Helya SolutionsContact - Helya Solutions<\/title>\n<meta name=\"description\" content=\"Contactez Helya Solutions pour vos besoins en assurance. Devis gratuit, conseils personnalis\u00e9s et r\u00e9ponse rapide. Helya Solutions - Contact\" \/>\n<meta name=\"robots\" content=\"index, follow, max-snippet:-1, max-image-preview:large, max-video-preview:-1\" \/>\n<link rel=\"canonical\" href=\"https:\/\/helyasolutions.com\/index.php\/contact\/\" \/>\n<meta property=\"og:locale\" content=\"fr_FR\" \/>\n<meta property=\"og:type\" content=\"article\" \/>\n<meta property=\"og:title\" content=\"Contact Assurance \u2013 Devis &amp; Informations | Helya SolutionsContact - Helya Solutions\" \/>\n<meta property=\"og:description\" content=\"Contactez Helya Solutions pour vos besoins en assurance. Devis gratuit, conseils personnalis\u00e9s et r\u00e9ponse rapide. Helya Solutions - Contact\" \/>\n<meta property=\"og:url\" content=\"https:\/\/helyasolutions.com\/index.php\/contact\/\" \/>\n<meta property=\"og:site_name\" content=\"Helya Solutions\" \/>\n<meta property=\"article:modified_time\" content=\"2025-12-21T11:17:11+00:00\" \/>\n<meta property=\"og:image\" content=\"https:\/\/bracketweb.com\/insurwp\/wp-content\/uploads\/2022\/07\/section-title-shape-1.png\" \/>\n<meta name=\"twitter:card\" content=\"summary_large_image\" \/>\n<meta name=\"twitter:label1\" content=\"Dur\u00e9e de lecture estim\u00e9e\" \/>\n\t<meta name=\"twitter:data1\" content=\"1 minute\" \/>\n<script type=\"application\/ld+json\" class=\"yoast-schema-graph\">{\"@context\":\"https:\/\/schema.org\",\"@graph\":[{\"@type\":\"WebPage\",\"@id\":\"https:\/\/helyasolutions.com\/index.php\/contact\/\",\"url\":\"https:\/\/helyasolutions.com\/index.php\/contact\/\",\"name\":\"Contact Assurance \u2013 Devis & Informations | Helya SolutionsContact - Helya Solutions\",\"isPartOf\":{\"@id\":\"https:\/\/helyasolutions.com\/#website\"},\"primaryImageOfPage\":{\"@id\":\"https:\/\/helyasolutions.com\/index.php\/contact\/#primaryimage\"},\"image\":{\"@id\":\"https:\/\/helyasolutions.com\/index.php\/contact\/#primaryimage\"},\"thumbnailUrl\":\"https:\/\/bracketweb.com\/insurwp\/wp-content\/uploads\/2022\/07\/section-title-shape-1.png\",\"datePublished\":\"2022-07-02T01:44:31+00:00\",\"dateModified\":\"2025-12-21T11:17:11+00:00\",\"description\":\"Contactez Helya Solutions pour vos besoins en assurance. Devis gratuit, conseils personnalis\u00e9s et r\u00e9ponse rapide. Helya Solutions - Contact\",\"breadcrumb\":{\"@id\":\"https:\/\/helyasolutions.com\/index.php\/contact\/#breadcrumb\"},\"inLanguage\":\"fr-FR\",\"potentialAction\":[{\"@type\":\"ReadAction\",\"target\":[\"https:\/\/helyasolutions.com\/index.php\/contact\/\"]}]},{\"@type\":\"ImageObject\",\"inLanguage\":\"fr-FR\",\"@id\":\"https:\/\/helyasolutions.com\/index.php\/contact\/#primaryimage\",\"url\":\"https:\/\/bracketweb.com\/insurwp\/wp-content\/uploads\/2022\/07\/section-title-shape-1.png\",\"contentUrl\":\"https:\/\/bracketweb.com\/insurwp\/wp-content\/uploads\/2022\/07\/section-title-shape-1.png\"},{\"@type\":\"BreadcrumbList\",\"@id\":\"https:\/\/helyasolutions.com\/index.php\/contact\/#breadcrumb\",\"itemListElement\":[{\"@type\":\"ListItem\",\"position\":1,\"name\":\"Accueil\",\"item\":\"https:\/\/helyasolutions.com\/\"},{\"@type\":\"ListItem\",\"position\":2,\"name\":\"Contact\"}]},{\"@type\":\"WebSite\",\"@id\":\"https:\/\/helyasolutions.com\/#website\",\"url\":\"https:\/\/helyasolutions.com\/\",\"name\":\"Helya Solutions\",\"description\":\"\",\"publisher\":{\"@id\":\"https:\/\/helyasolutions.com\/#organization\"},\"potentialAction\":[{\"@type\":\"SearchAction\",\"target\":{\"@type\":\"EntryPoint\",\"urlTemplate\":\"https:\/\/helyasolutions.com\/?s={search_term_string}\"},\"query-input\":{\"@type\":\"PropertyValueSpecification\",\"valueRequired\":true,\"valueName\":\"search_term_string\"}}],\"inLanguage\":\"fr-FR\"},{\"@type\":\"Organization\",\"@id\":\"https:\/\/helyasolutions.com\/#organization\",\"name\":\"Helya Solutions\",\"url\":\"https:\/\/helyasolutions.com\/\",\"logo\":{\"@type\":\"ImageObject\",\"inLanguage\":\"fr-FR\",\"@id\":\"https:\/\/helyasolutions.com\/#\/schema\/logo\/image\/\",\"url\":\"https:\/\/helyasolutions.com\/wp-content\/uploads\/2022\/07\/logo_helya_solution_-removebg-preview.png\",\"contentUrl\":\"https:\/\/helyasolutions.com\/wp-content\/uploads\/2022\/07\/logo_helya_solution_-removebg-preview.png\",\"width\":595,\"height\":219,\"caption\":\"Helya Solutions\"},\"image\":{\"@id\":\"https:\/\/helyasolutions.com\/#\/schema\/logo\/image\/\"}}]}<\/script>\n<!-- \/ Yoast SEO plugin. -->","yoast_head_json":{"title":"Contact Assurance \u2013 Devis & Informations | Helya SolutionsContact - Helya Solutions","description":"Contactez Helya Solutions pour vos besoins en assurance. Devis gratuit, conseils personnalis\u00e9s et r\u00e9ponse rapide. Helya Solutions - Contact","robots":{"index":"index","follow":"follow","max-snippet":"max-snippet:-1","max-image-preview":"max-image-preview:large","max-video-preview":"max-video-preview:-1"},"canonical":"https:\/\/helyasolutions.com\/index.php\/contact\/","og_locale":"fr_FR","og_type":"article","og_title":"Contact Assurance \u2013 Devis & Informations | Helya SolutionsContact - Helya Solutions","og_description":"Contactez Helya Solutions pour vos besoins en assurance. Devis gratuit, conseils personnalis\u00e9s et r\u00e9ponse rapide. Helya Solutions - Contact","og_url":"https:\/\/helyasolutions.com\/index.php\/contact\/","og_site_name":"Helya Solutions","article_modified_time":"2025-12-21T11:17:11+00:00","og_image":[{"url":"https:\/\/bracketweb.com\/insurwp\/wp-content\/uploads\/2022\/07\/section-title-shape-1.png","type":"","width":"","height":""}],"twitter_card":"summary_large_image","twitter_misc":{"Dur\u00e9e de lecture estim\u00e9e":"1 minute"},"schema":{"@context":"https:\/\/schema.org","@graph":[{"@type":"WebPage","@id":"https:\/\/helyasolutions.com\/index.php\/contact\/","url":"https:\/\/helyasolutions.com\/index.php\/contact\/","name":"Contact Assurance \u2013 Devis & Informations | Helya SolutionsContact - Helya Solutions","isPartOf":{"@id":"https:\/\/helyasolutions.com\/#website"},"primaryImageOfPage":{"@id":"https:\/\/helyasolutions.com\/index.php\/contact\/#primaryimage"},"image":{"@id":"https:\/\/helyasolutions.com\/index.php\/contact\/#primaryimage"},"thumbnailUrl":"https:\/\/bracketweb.com\/insurwp\/wp-content\/uploads\/2022\/07\/section-title-shape-1.png","datePublished":"2022-07-02T01:44:31+00:00","dateModified":"2025-12-21T11:17:11+00:00","description":"Contactez Helya Solutions pour vos besoins en assurance. Devis gratuit, conseils personnalis\u00e9s et r\u00e9ponse rapide. Helya Solutions - Contact","breadcrumb":{"@id":"https:\/\/helyasolutions.com\/index.php\/contact\/#breadcrumb"},"inLanguage":"fr-FR","potentialAction":[{"@type":"ReadAction","target":["https:\/\/helyasolutions.com\/index.php\/contact\/"]}]},{"@type":"ImageObject","inLanguage":"fr-FR","@id":"https:\/\/helyasolutions.com\/index.php\/contact\/#primaryimage","url":"https:\/\/bracketweb.com\/insurwp\/wp-content\/uploads\/2022\/07\/section-title-shape-1.png","contentUrl":"https:\/\/bracketweb.com\/insurwp\/wp-content\/uploads\/2022\/07\/section-title-shape-1.png"},{"@type":"BreadcrumbList","@id":"https:\/\/helyasolutions.com\/index.php\/contact\/#breadcrumb","itemListElement":[{"@type":"ListItem","position":1,"name":"Accueil","item":"https:\/\/helyasolutions.com\/"},{"@type":"ListItem","position":2,"name":"Contact"}]},{"@type":"WebSite","@id":"https:\/\/helyasolutions.com\/#website","url":"https:\/\/helyasolutions.com\/","name":"Helya Solutions","description":"","publisher":{"@id":"https:\/\/helyasolutions.com\/#organization"},"potentialAction":[{"@type":"SearchAction","target":{"@type":"EntryPoint","urlTemplate":"https:\/\/helyasolutions.com\/?s={search_term_string}"},"query-input":{"@type":"PropertyValueSpecification","valueRequired":true,"valueName":"search_term_string"}}],"inLanguage":"fr-FR"},{"@type":"Organization","@id":"https:\/\/helyasolutions.com\/#organization","name":"Helya Solutions","url":"https:\/\/helyasolutions.com\/","logo":{"@type":"ImageObject","inLanguage":"fr-FR","@id":"https:\/\/helyasolutions.com\/#\/schema\/logo\/image\/","url":"https:\/\/helyasolutions.com\/wp-content\/uploads\/2022\/07\/logo_helya_solution_-removebg-preview.png","contentUrl":"https:\/\/helyasolutions.com\/wp-content\/uploads\/2022\/07\/logo_helya_solution_-removebg-preview.png","width":595,"height":219,"caption":"Helya Solutions"},"image":{"@id":"https:\/\/helyasolutions.com\/#\/schema\/logo\/image\/"}}]}},"_links":{"self":[{"href":"https:\/\/helyasolutions.com\/index.php\/wp-json\/wp\/v2\/pages\/47","targetHints":{"allow":["GET"]}}],"collection":[{"href":"https:\/\/helyasolutions.com\/index.php\/wp-json\/wp\/v2\/pages"}],"about":[{"href":"https:\/\/helyasolutions.com\/index.php\/wp-json\/wp\/v2\/types\/page"}],"author":[{"embeddable":true,"href":"https:\/\/helyasolutions.com\/index.php\/wp-json\/wp\/v2\/users\/1"}],"replies":[{"embeddable":true,"href":"https:\/\/helyasolutions.com\/index.php\/wp-json\/wp\/v2\/comments?post=47"}],"version-history":[{"count":50,"href":"https:\/\/helyasolutions.com\/index.php\/wp-json\/wp\/v2\/pages\/47\/revisions"}],"predecessor-version":[{"id":4823,"href":"https:\/\/helyasolutions.com\/index.php\/wp-json\/wp\/v2\/pages\/47\/revisions\/4823"}],"wp:attachment":[{"href":"https:\/\/helyasolutions.com\/index.php\/wp-json\/wp\/v2\/media?parent=47"}],"curies":[{"name":"wp","href":"https:\/\/api.w.org\/{rel}","templated":true}]}}